{"id":122,"date":"2022-03-31T18:56:57","date_gmt":"2022-03-31T16:56:57","guid":{"rendered":"https:\/\/www.hansenimmo.de\/2022\/?page_id=122"},"modified":"2023-04-07T10:16:56","modified_gmt":"2023-04-07T08:16:56","slug":"welcome","status":"publish","type":"page","link":"https:\/\/www.hansenimmo.de\/","title":{"rendered":"Sch\u00f6n, dass Sie da sind&#8230;"},"content":{"rendered":"\n<figure class=\"wp-block-image size-large\"><img loading=\"lazy\" decoding=\"async\" width=\"1024\" height=\"681\" src=\"https:\/\/www.hansenimmo.de\/wp-content\/uploads\/2022\/04\/man-building-architect-joy-Pixabay-1024x681.jpg\" alt=\"\" class=\"wp-image-171\" srcset=\"https:\/\/www.hansenimmo.de\/wp-content\/uploads\/2022\/04\/man-building-architect-joy-Pixabay-1024x681.jpg 1024w, https:\/\/www.hansenimmo.de\/wp-content\/uploads\/2022\/04\/man-building-architect-joy-Pixabay-300x200.jpg 300w, https:\/\/www.hansenimmo.de\/wp-content\/uploads\/2022\/04\/man-building-architect-joy-Pixabay-768x511.jpg 768w, https:\/\/www.hansenimmo.de\/wp-content\/uploads\/2022\/04\/man-building-architect-joy-Pixabay-1536x1022.jpg 1536w, https:\/\/www.hansenimmo.de\/wp-content\/uploads\/2022\/04\/man-building-architect-joy-Pixabay-2048x1363.jpg 2048w, https:\/\/www.hansenimmo.de\/wp-content\/uploads\/2022\/04\/man-building-architect-joy-Pixabay-1870x1244.jpg 1870w, https:\/\/www.hansenimmo.de\/wp-content\/uploads\/2022\/04\/man-building-architect-joy-Pixabay-400x266.jpg 400w, https:\/\/www.hansenimmo.de\/wp-content\/uploads\/2022\/04\/man-building-architect-joy-Pixabay-800x532.jpg 800w\" sizes=\"auto, (max-width: 1024px) 100vw, 1024px\" \/><\/figure>\n\n\n\n<p><strong>Wir begleiten Ihr Bauvorhaben!<\/strong><\/p>\n\n\n\n<p>Sie haben ein Grundst\u00fcck gefunden und m\u00f6chten mit dem Neubau loslegen?<\/p>\n\n\n\n<p>Oder haben Sie ein Haus im Blick oder bereits gekauft und m\u00f6chten dieses sanieren?<br><\/p>\n\n\n\n<p><strong>Rufen Sie uns gern jederzeit an!<\/strong><\/p>\n\n\n\n<figure class=\"wp-block-image size-large is-style-default\"><img loading=\"lazy\" decoding=\"async\" width=\"1024\" height=\"724\" src=\"https:\/\/www.hansenimmo.de\/2022\/wp-content\/uploads\/2022\/03\/eigene-Idde-fuer-Flyer-1024x724.jpg\" alt=\"\" class=\"wp-image-108\" srcset=\"https:\/\/www.hansenimmo.de\/wp-content\/uploads\/2022\/03\/eigene-Idde-fuer-Flyer-1024x724.jpg 1024w, https:\/\/www.hansenimmo.de\/wp-content\/uploads\/2022\/03\/eigene-Idde-fuer-Flyer-300x212.jpg 300w, https:\/\/www.hansenimmo.de\/wp-content\/uploads\/2022\/03\/eigene-Idde-fuer-Flyer-768x543.jpg 768w, https:\/\/www.hansenimmo.de\/wp-content\/uploads\/2022\/03\/eigene-Idde-fuer-Flyer-400x283.jpg 400w, https:\/\/www.hansenimmo.de\/wp-content\/uploads\/2022\/03\/eigene-Idde-fuer-Flyer-800x566.jpg 800w, https:\/\/www.hansenimmo.de\/wp-content\/uploads\/2022\/03\/eigene-Idde-fuer-Flyer.jpg 1391w\" sizes=\"auto, (max-width: 1024px) 100vw, 1024px\" \/><\/figure>\n\n\n\n<p><strong><br><br><\/strong><\/p>\n","protected":false},"excerpt":{"rendered":"<p>Wir begleiten Ihr Bauvorhaben! Sie haben ein Grundst\u00fcck gefunden und m\u00f6chten mit dem Neubau loslegen? Oder haben Sie ein Haus im Blick oder bereits gekauft und m\u00f6chten dieses sanieren? Rufen Sie uns gern jederzeit an!<\/p>\n","protected":false},"author":1,"featured_media":0,"parent":0,"menu_order":0,"comment_status":"closed","ping_status":"closed","template":"","meta":{"footnotes":""},"class_list":["post-122","page","type-page","status-publish","hentry","missing-thumbnail"],"_links":{"self":[{"href":"https:\/\/www.hansenimmo.de\/index.php?rest_route=\/wp\/v2\/pages\/122","targetHints":{"allow":["GET"]}}],"collection":[{"href":"https:\/\/www.hansenimmo.de\/index.php?rest_route=\/wp\/v2\/pages"}],"about":[{"href":"https:\/\/www.hansenimmo.de\/index.php?rest_route=\/wp\/v2\/types\/page"}],"author":[{"embeddable":true,"href":"https:\/\/www.hansenimmo.de\/index.php?rest_route=\/wp\/v2\/users\/1"}],"replies":[{"embeddable":true,"href":"https:\/\/www.hansenimmo.de\/index.php?rest_route=%2Fwp%2Fv2%2Fcomments&post=122"}],"version-history":[{"count":13,"href":"https:\/\/www.hansenimmo.de\/index.php?rest_route=\/wp\/v2\/pages\/122\/revisions"}],"predecessor-version":[{"id":244,"href":"https:\/\/www.hansenimmo.de\/index.php?rest_route=\/wp\/v2\/pages\/122\/revisions\/244"}],"wp:attachment":[{"href":"https:\/\/www.hansenimmo.de\/index.php?rest_route=%2Fwp%2Fv2%2Fmedia&parent=122"}],"curies":[{"name":"wp","href":"https:\/\/api.w.org\/{rel}","templated":true}]}}